{"id":7548,"date":"2021-05-10T08:14:03","date_gmt":"2021-05-10T06:14:03","guid":{"rendered":"https:\/\/tierrasdecordoba.com\/contacto\/"},"modified":"2021-12-21T13:51:32","modified_gmt":"2021-12-21T12:51:32","slug":"contacto","status":"publish","type":"page","link":"https:\/\/tierrasdecordoba.com\/fr\/contacto\/","title":{"rendered":"Contact"},"content":{"rendered":"<style>#kt-layout-id_baa171-dd > .kt-row-column-wrap{align-content:center;}:where(#kt-layout-id_baa171-dd > .kt-row-column-wrap) > .wp-block-kadence-column{justify-content:center;}#kt-layout-id_baa171-dd > .kt-row-column-wrap{column-gap:80px;row-gap:var(--global-kb-gap-md, 2rem);max-width:85%;margin-left:auto;margin-right:auto;padding-top:var( --global-kb-row-default-top, 25px );padding-bottom:var( --global-kb-row-default-bottom, 25px );padding-top:80px;padding-bottom:80px;grid-template-columns:minmax(0, calc(65% - ((80px * 1 )\/2)))minmax(0, calc(35% - ((80px * 1 )\/2)));}#kt-layout-id_baa171-dd > .kt-row-layout-overlay{opacity:0.30;}@media all and (max-width: 1024px){#kt-layout-id_baa171-dd > .kt-row-column-wrap{grid-template-columns:minmax(0, 2fr) minmax(0, 1fr);}}@media all and (max-width: 767px){#kt-layout-id_baa171-dd > .kt-row-column-wrap{grid-template-columns:minmax(0, 1fr);}}<\/style>\n<div class=\"wp-block-kadence-rowlayout alignnone\"><div id=\"kt-layout-id_baa171-dd\" class=\"kt-row-layout-inner kt-layout-id_baa171-dd\"><div class=\"kt-row-column-wrap kt-has-2-columns kt-gutter-widest kt-v-gutter-default kt-row-valign-middle kt-row-layout-left-golden kt-tab-layout-inherit kt-m-colapse-left-to-right kt-mobile-layout-row  kt-custom-first-width-65  kt-custom-second-width-35\"><style>.kadence-column_f1c2cf-ee > .kt-inside-inner-col{padding-top:40px;padding-bottom:40px;padding-left:40px;padding-right:40px;}.kadence-column_f1c2cf-ee > .kt-inside-inner-col{border-top-width:0px;border-right-width:0px;border-bottom-width:0px;border-left-width:0px;}.kadence-column_f1c2cf-ee > .kt-inside-inner-col,.kadence-column_f1c2cf-ee > .kt-inside-inner-col:before{border-top-left-radius:0px;border-top-right-radius:0px;border-bottom-right-radius:0px;border-bottom-left-radius:0px;}.kadence-column_f1c2cf-ee > .kt-inside-inner-col{column-gap:var(--global-kb-gap-sm, 1rem);}.kadence-column_f1c2cf-ee > .kt-inside-inner-col{flex-direction:column;}.kadence-column_f1c2cf-ee > .kt-inside-inner-col > .aligncenter{width:100%;}.kadence-column_f1c2cf-ee > .kt-inside-inner-col{background-color:#f4f4f5;}.kadence-column_f1c2cf-ee > .kt-inside-inner-col:before{opacity:0.3;}.kadence-column_f1c2cf-ee{position:relative;}@media all and (max-width: 1024px){.kadence-column_f1c2cf-ee > .kt-inside-inner-col{flex-direction:column;justify-content:center;}}@media all and (max-width: 767px){.kadence-column_f1c2cf-ee > .kt-inside-inner-col{flex-direction:column;justify-content:center;}}<\/style>\n<div class=\"wp-block-kadence-column inner-column-1 kadence-column_f1c2cf-ee kadence-column_ebb7f6-1f\"><div class=\"kt-inside-inner-col\"><p class=\"wpcf7-contact-form-not-found\"><strong>Erreur\u00a0:<\/strong> Formulaire de contact non trouv\u00e9\u00a0!<\/p>\n<\/div><\/div>\n\n\n<style>.kadence-column_2e02cf-b0 > .kt-inside-inner-col{padding-left:30px;padding-right:30px;}.kadence-column_2e02cf-b0 > .kt-inside-inner-col{border-top-width:0px;border-right-width:0px;border-bottom-width:0px;border-left-width:0px;}.kadence-column_2e02cf-b0 > .kt-inside-inner-col,.kadence-column_2e02cf-b0 > .kt-inside-inner-col:before{border-top-left-radius:0px;border-top-right-radius:0px;border-bottom-right-radius:0px;border-bottom-left-radius:0px;}.kadence-column_2e02cf-b0 > .kt-inside-inner-col{column-gap:var(--global-kb-gap-sm, 1rem);}.kadence-column_2e02cf-b0 > .kt-inside-inner-col{flex-direction:column;}.kadence-column_2e02cf-b0 > .kt-inside-inner-col > .aligncenter{width:100%;}.kadence-column_2e02cf-b0 > .kt-inside-inner-col:before{opacity:0.3;}.kadence-column_2e02cf-b0{position:relative;}@media all and (max-width: 1024px){.kadence-column_2e02cf-b0 > .kt-inside-inner-col{flex-direction:column;justify-content:center;}}@media all and (max-width: 767px){.kadence-column_2e02cf-b0 > .kt-inside-inner-col{flex-direction:column;justify-content:center;}}<\/style>\n<div class=\"wp-block-kadence-column inner-column-2 kadence-column_2e02cf-b0 enlaces-contacto\"><div class=\"kt-inside-inner-col\"><style>.wp-block-kadence-advancedheading.kt-adv-heading_82bb14-dd, .wp-block-kadence-advancedheading.kt-adv-heading_82bb14-dd[data-kb-block=\"kb-adv-heading_82bb14-dd\"]{margin-bottom:30px;text-align:left;font-size:38px;line-height:1.3em;font-style:normal;}.wp-block-kadence-advancedheading.kt-adv-heading_82bb14-dd mark.kt-highlight, .wp-block-kadence-advancedheading.kt-adv-heading_82bb14-dd[data-kb-block=\"kb-adv-heading_82bb14-dd\"] mark.kt-highlight{font-style:normal;color:#f76a0c;-webkit-box-decoration-break:clone;box-decoration-break:clone;padding-top:0px;padding-right:0px;padding-bottom:0px;padding-left:0px;}@media all and (max-width: 767px){.wp-block-kadence-advancedheading.kt-adv-heading_82bb14-dd, .wp-block-kadence-advancedheading.kt-adv-heading_82bb14-dd[data-kb-block=\"kb-adv-heading_82bb14-dd\"]{font-size:30px;}}<\/style>\n<h2 class=\"kt-adv-heading_82bb14-dd wp-block-kadence-advancedheading\" data-kb-block=\"kb-adv-heading_82bb14-dd\">Prenez contact avec nous.<\/h2>\n\n\n\n<p style=\"font-size:20px\">Si vous avez besoin d&rsquo;informations ou si vous souhaitez que nous vous aidions, n&rsquo;h\u00e9sitez pas \u00e0 nous contacter via nos coordonn\u00e9es.<\/p>\n\n\n<style>.wp-block-kadence-iconlist.kt-svg-icon-list-items_1c641a-27:not(.this-stops-third-party-issues){margin-top:0px;margin-bottom:0px;}.wp-block-kadence-iconlist.kt-svg-icon-list-items_1c641a-27 ul.kt-svg-icon-list:not(.this-prevents-issues):not(.this-stops-third-party-issues):not(.tijsloc){margin-top:0px;margin-right:0px;margin-bottom:10px;margin-left:0px;}.wp-block-kadence-iconlist.kt-svg-icon-list-items_1c641a-27 ul.kt-svg-icon-list{grid-row-gap:5px;}.wp-block-kadence-iconlist.kt-svg-icon-list-items_1c641a-27 ul.kt-svg-icon-list .kt-svg-icon-list-item-wrap .kt-svg-icon-list-single{margin-right:10px;}.kt-svg-icon-list-items_1c641a-27 ul.kt-svg-icon-list .kt-svg-icon-list-level-0 .kt-svg-icon-list-single svg{font-size:20px;}.kt-svg-icon-list-items_1c641a-27 ul.kt-svg-icon-list .kt-svg-icon-list-level-1 .kt-svg-icon-list-single svg{font-size:20px;}.kt-svg-icon-list-items_1c641a-27 ul.kt-svg-icon-list .kt-svg-icon-list-level-2 .kt-svg-icon-list-single svg{font-size:20px;}<\/style>\n<div class=\"wp-block-kadence-iconlist kt-svg-icon-list-items kt-svg-icon-list-items_1c641a-27 kt-svg-icon-list-columns-1 alignnone\"><ul class=\"kt-svg-icon-list\"><li class=\"kt-svg-icon-list-style-default kt-svg-icon-list-item-wrap kt-svg-icon-list-item-0\"><div style=\"display:inline-flex;justify-content:center;align-items:center\" class=\"kt-svg-icon-list-single kt-svg-icon-list-single-fas_globe-americas\"><svg style=\"display:inline-block;vertical-align:middle\" viewbox=\"0 0 496 512\" height=\"20\" width=\"20\" fill=\"currentColor\" xmlns=\"http:\/\/www.w3.org\/2000\/svg\" aria-hidden=\"true\"><path d=\"M248 8C111.03 8 0 119.03 0 256s111.03 248 248 248 248-111.03 248-248S384.97 8 248 8zm82.29 357.6c-3.9 3.88-7.99 7.95-11.31 11.28-2.99 3-5.1 6.7-6.17 10.71-1.51 5.66-2.73 11.38-4.77 16.87l-17.39 46.85c-13.76 3-28 4.69-42.65 4.69v-27.38c1.69-12.62-7.64-36.26-22.63-51.25-6-6-9.37-14.14-9.37-22.63v-32.01c0-11.64-6.27-22.34-16.46-27.97-14.37-7.95-34.81-19.06-48.81-26.11-11.48-5.78-22.1-13.14-31.65-21.75l-.8-.72a114.792 114.792 0 0 1-18.06-20.74c-9.38-13.77-24.66-36.42-34.59-51.14 20.47-45.5 57.36-82.04 103.2-101.89l24.01 12.01C203.48 89.74 216 82.01 216 70.11v-11.3c7.99-1.29 16.12-2.11 24.39-2.42l28.3 28.3c6.25 6.25 6.25 16.38 0 22.63L264 112l-10.34 10.34c-3.12 3.12-3.12 8.19 0 11.31l4.69 4.69c3.12 3.12 3.12 8.19 0 11.31l-8 8a8.008 8.008 0 0 1-5.66 2.34h-8.99c-2.08 0-4.08.81-5.58 2.27l-9.92 9.65a8.008 8.008 0 0 0-1.58 9.31l15.59 31.19c2.66 5.32-1.21 11.58-7.15 11.58h-5.64c-1.93 0-3.79-.7-5.24-1.96l-9.28-8.06a16.017 16.017 0 0 0-15.55-3.1l-31.17 10.39a11.95 11.95 0 0 0-8.17 11.34c0 4.53 2.56 8.66 6.61 10.69l11.08 5.54c9.41 4.71 19.79 7.16 30.31 7.16s22.59 27.29 32 32h66.75c8.49 0 16.62 3.37 22.63 9.37l13.69 13.69a30.503 30.503 0 0 1 8.93 21.57 46.536 46.536 0 0 1-13.72 32.98zM417 274.25c-5.79-1.45-10.84-5-14.15-9.97l-17.98-26.97a23.97 23.97 0 0 1 0-26.62l19.59-29.38c2.32-3.47 5.5-6.29 9.24-8.15l12.98-6.49C440.2 193.59 448 223.87 448 256c0 8.67-.74 17.16-1.82 25.54L417 274.25z\"><\/path><\/svg><\/div><span class=\"kt-svg-icon-list-text\"><a href=\"https:\/\/www.google.com\/maps\/place\/Jose+Cruz+Conde,+14,+14003+C%C3%B3rdoba\/@37.8864144,-4.7824723,17z\/data=!3m1!4b1!4m5!3m4!1s0xd6cdf635afea1b3:0xa3d8028f0df90e0!8m2!3d37.8864144!4d-4.7802836\" target=\"_blank\" rel=\"noreferrer noopener\">Jose Cruz Conde, 14. 14003, C\u00f3rdoba<\/a><\/span><\/li><li class=\"kt-svg-icon-list-style-default kt-svg-icon-list-item-wrap kt-svg-icon-list-item-1\"><div style=\"display:inline-flex;justify-content:center;align-items:center\" class=\"kt-svg-icon-list-single kt-svg-icon-list-single-fe_mail\"><svg style=\"display:inline-block;vertical-align:middle\" viewbox=\"0 0 24 24\" height=\"20\" width=\"20\" fill=\"none\" stroke=\"currentColor\" xmlns=\"http:\/\/www.w3.org\/2000\/svg\" stroke-width=\"2\" stroke-linecap=\"round\" stroke-linejoin=\"round\" aria-hidden=\"true\"><path d=\"M4 4h16c1.1 0 2 .9 2 2v12c0 1.1-.9 2-2 2H4c-1.1 0-2-.9-2-2V6c0-1.1.9-2 2-2z\"><\/path><polyline points=\"22,6 12,13 2,6\"><\/polyline><\/svg><\/div><span class=\"kt-svg-icon-list-text\"><a href=\"mailto:hola@tierrasdecordoba.com\" target=\"_blank\" rel=\"noreferrer noopener\">info@tierrasdecordoba.com<\/a><\/span><\/li><li class=\"kt-svg-icon-list-style-default kt-svg-icon-list-item-wrap kt-svg-icon-list-item-2\"><div style=\"display:inline-flex;justify-content:center;align-items:center\" class=\"kt-svg-icon-list-single kt-svg-icon-list-single-fe_phoneCall\"><svg style=\"display:inline-block;vertical-align:middle\" viewbox=\"0 0 24 24\" height=\"20\" width=\"20\" fill=\"none\" stroke=\"currentColor\" xmlns=\"http:\/\/www.w3.org\/2000\/svg\" stroke-width=\"2\" stroke-linecap=\"round\" stroke-linejoin=\"round\" aria-hidden=\"true\"><path d=\"M15.05 5A5 5 0 0 1 19 8.95M15.05 1A9 9 0 0 1 23 8.94m-1 7.98v3a2 2 0 0 1-2.18 2 19.79 19.79 0 0 1-8.63-3.07 19.5 19.5 0 0 1-6-6 19.79 19.79 0 0 1-3.07-8.67A2 2 0 0 1 4.11 2h3a2 2 0 0 1 2 1.72 12.84 12.84 0 0 0 .7 2.81 2 2 0 0 1-.45 2.11L8.09 9.91a16 16 0 0 0 6 6l1.27-1.27a2 2 0 0 1 2.11-.45 12.84 12.84 0 0 0 2.81.7A2 2 0 0 1 22 16.92z\"><\/path><\/svg><\/div><span class=\"kt-svg-icon-list-text\"><a href=\"tel:631988461\" target=\"_blank\" rel=\"noreferrer noopener\">+34 611 32 73 96 <\/a><\/span><\/li><\/ul><\/div>\n<\/div><\/div>\n<\/div><\/div><\/div>\n","protected":false},"excerpt":{"rendered":"<p>Prenez contact avec nous. Si vous avez besoin d&rsquo;informations ou si vous souhaitez que nous vous aidions, n&rsquo;h\u00e9sitez pas \u00e0 nous contacter via nos coordonn\u00e9es.<\/p>\n","protected":false},"author":1,"featured_media":0,"parent":0,"menu_order":0,"comment_status":"closed","ping_status":"closed","template":"","meta":{"_acf_changed":false,"_kad_blocks_custom_css":"","_kad_blocks_head_custom_js":"","_kad_blocks_body_custom_js":"","_kad_blocks_footer_custom_js":"","_kad_post_transparent":"","_kad_post_title":"","_kad_post_layout":"","_kad_post_sidebar_id":"","_kad_post_content_style":"","_kad_post_vertical_padding":"","_kad_post_feature":"","_kad_post_feature_position":"","_kad_post_header":false,"_kad_post_footer":false,"_kad_post_classname":"","footnotes":""},"class_list":["post-7548","page","type-page","status-publish","hentry"],"acf":[],"yoast_head":"<!-- This site is optimized with the Yoast SEO plugin v26.4 - https:\/\/yoast.com\/wordpress\/plugins\/seo\/ -->\n<title>Contact - Tierras de C\u00f3rdoba<\/title>\n<meta name=\"robots\" content=\"index, follow, max-snippet:-1, max-image-preview:large, max-video-preview:-1\" \/>\n<link rel=\"canonical\" href=\"https:\/\/tierrasdecordoba.com\/fr\/contacto\/\" \/>\n<meta property=\"og:locale\" content=\"fr_FR\" \/>\n<meta property=\"og:type\" content=\"article\" \/>\n<meta property=\"og:title\" content=\"Contact - Tierras de C\u00f3rdoba\" \/>\n<meta property=\"og:description\" content=\"Prenez contact avec nous. Si vous avez besoin d&rsquo;informations ou si vous souhaitez que nous vous aidions, n&rsquo;h\u00e9sitez pas \u00e0 nous contacter via nos coordonn\u00e9es.\" \/>\n<meta property=\"og:url\" content=\"https:\/\/tierrasdecordoba.com\/fr\/contacto\/\" \/>\n<meta property=\"og:site_name\" content=\"Tierras de C\u00f3rdoba\" \/>\n<meta property=\"article:modified_time\" content=\"2021-12-21T12:51:32+00:00\" \/>\n<meta name=\"twitter:card\" content=\"summary_large_image\" \/>\n<meta name=\"twitter:label1\" content=\"Dur\u00e9e de lecture estim\u00e9e\" \/>\n\t<meta name=\"twitter:data1\" content=\"1 minute\" \/>\n<script type=\"application\/ld+json\" class=\"yoast-schema-graph\">{\"@context\":\"https:\/\/schema.org\",\"@graph\":[{\"@type\":\"WebPage\",\"@id\":\"https:\/\/tierrasdecordoba.com\/fr\/contacto\/\",\"url\":\"https:\/\/tierrasdecordoba.com\/fr\/contacto\/\",\"name\":\"Contact - Tierras de C\u00f3rdoba\",\"isPartOf\":{\"@id\":\"https:\/\/tierrasdecordoba.com\/fr\/#website\"},\"datePublished\":\"2021-05-10T06:14:03+00:00\",\"dateModified\":\"2021-12-21T12:51:32+00:00\",\"breadcrumb\":{\"@id\":\"https:\/\/tierrasdecordoba.com\/fr\/contacto\/#breadcrumb\"},\"inLanguage\":\"fr-FR\",\"potentialAction\":[{\"@type\":\"ReadAction\",\"target\":[\"https:\/\/tierrasdecordoba.com\/fr\/contacto\/\"]}]},{\"@type\":\"BreadcrumbList\",\"@id\":\"https:\/\/tierrasdecordoba.com\/fr\/contacto\/#breadcrumb\",\"itemListElement\":[{\"@type\":\"ListItem\",\"position\":1,\"name\":\"Portada\",\"item\":\"https:\/\/tierrasdecordoba.com\/fr\/\"},{\"@type\":\"ListItem\",\"position\":2,\"name\":\"Contact\"}]},{\"@type\":\"WebSite\",\"@id\":\"https:\/\/tierrasdecordoba.com\/fr\/#website\",\"url\":\"https:\/\/tierrasdecordoba.com\/fr\/\",\"name\":\"Tierras de C\u00f3rdoba\",\"description\":\"Casas Rurales C\u00f3rdoba, Actividades C\u00f3rdoba, Restaurantes C\u00f3rdoba\",\"publisher\":{\"@id\":\"https:\/\/tierrasdecordoba.com\/fr\/#organization\"},\"potentialAction\":[{\"@type\":\"SearchAction\",\"target\":{\"@type\":\"EntryPoint\",\"urlTemplate\":\"https:\/\/tierrasdecordoba.com\/fr\/?s={search_term_string}\"},\"query-input\":{\"@type\":\"PropertyValueSpecification\",\"valueRequired\":true,\"valueName\":\"search_term_string\"}}],\"inLanguage\":\"fr-FR\"},{\"@type\":\"Organization\",\"@id\":\"https:\/\/tierrasdecordoba.com\/fr\/#organization\",\"name\":\"Tierras de C\u00f3rdoba\",\"url\":\"https:\/\/tierrasdecordoba.com\/fr\/\",\"logo\":{\"@type\":\"ImageObject\",\"inLanguage\":\"fr-FR\",\"@id\":\"https:\/\/tierrasdecordoba.com\/fr\/#\/schema\/logo\/image\/\",\"url\":\"https:\/\/tierrasdecordoba.com\/wp-content\/uploads\/2021\/05\/logo-header.png\",\"contentUrl\":\"https:\/\/tierrasdecordoba.com\/wp-content\/uploads\/2021\/05\/logo-header.png\",\"width\":191,\"height\":81,\"caption\":\"Tierras de C\u00f3rdoba\"},\"image\":{\"@id\":\"https:\/\/tierrasdecordoba.com\/fr\/#\/schema\/logo\/image\/\"}}]}<\/script>\n<!-- \/ Yoast SEO plugin. -->","yoast_head_json":{"title":"Contact - Tierras de C\u00f3rdoba","robots":{"index":"index","follow":"follow","max-snippet":"max-snippet:-1","max-image-preview":"max-image-preview:large","max-video-preview":"max-video-preview:-1"},"canonical":"https:\/\/tierrasdecordoba.com\/fr\/contacto\/","og_locale":"fr_FR","og_type":"article","og_title":"Contact - Tierras de C\u00f3rdoba","og_description":"Prenez contact avec nous. Si vous avez besoin d&rsquo;informations ou si vous souhaitez que nous vous aidions, n&rsquo;h\u00e9sitez pas \u00e0 nous contacter via nos coordonn\u00e9es.","og_url":"https:\/\/tierrasdecordoba.com\/fr\/contacto\/","og_site_name":"Tierras de C\u00f3rdoba","article_modified_time":"2021-12-21T12:51:32+00:00","twitter_card":"summary_large_image","twitter_misc":{"Dur\u00e9e de lecture estim\u00e9e":"1 minute"},"schema":{"@context":"https:\/\/schema.org","@graph":[{"@type":"WebPage","@id":"https:\/\/tierrasdecordoba.com\/fr\/contacto\/","url":"https:\/\/tierrasdecordoba.com\/fr\/contacto\/","name":"Contact - Tierras de C\u00f3rdoba","isPartOf":{"@id":"https:\/\/tierrasdecordoba.com\/fr\/#website"},"datePublished":"2021-05-10T06:14:03+00:00","dateModified":"2021-12-21T12:51:32+00:00","breadcrumb":{"@id":"https:\/\/tierrasdecordoba.com\/fr\/contacto\/#breadcrumb"},"inLanguage":"fr-FR","potentialAction":[{"@type":"ReadAction","target":["https:\/\/tierrasdecordoba.com\/fr\/contacto\/"]}]},{"@type":"BreadcrumbList","@id":"https:\/\/tierrasdecordoba.com\/fr\/contacto\/#breadcrumb","itemListElement":[{"@type":"ListItem","position":1,"name":"Portada","item":"https:\/\/tierrasdecordoba.com\/fr\/"},{"@type":"ListItem","position":2,"name":"Contact"}]},{"@type":"WebSite","@id":"https:\/\/tierrasdecordoba.com\/fr\/#website","url":"https:\/\/tierrasdecordoba.com\/fr\/","name":"Tierras de C\u00f3rdoba","description":"Casas Rurales C\u00f3rdoba, Actividades C\u00f3rdoba, Restaurantes C\u00f3rdoba","publisher":{"@id":"https:\/\/tierrasdecordoba.com\/fr\/#organization"},"potentialAction":[{"@type":"SearchAction","target":{"@type":"EntryPoint","urlTemplate":"https:\/\/tierrasdecordoba.com\/fr\/?s={search_term_string}"},"query-input":{"@type":"PropertyValueSpecification","valueRequired":true,"valueName":"search_term_string"}}],"inLanguage":"fr-FR"},{"@type":"Organization","@id":"https:\/\/tierrasdecordoba.com\/fr\/#organization","name":"Tierras de C\u00f3rdoba","url":"https:\/\/tierrasdecordoba.com\/fr\/","logo":{"@type":"ImageObject","inLanguage":"fr-FR","@id":"https:\/\/tierrasdecordoba.com\/fr\/#\/schema\/logo\/image\/","url":"https:\/\/tierrasdecordoba.com\/wp-content\/uploads\/2021\/05\/logo-header.png","contentUrl":"https:\/\/tierrasdecordoba.com\/wp-content\/uploads\/2021\/05\/logo-header.png","width":191,"height":81,"caption":"Tierras de C\u00f3rdoba"},"image":{"@id":"https:\/\/tierrasdecordoba.com\/fr\/#\/schema\/logo\/image\/"}}]}},"taxonomy_info":[],"featured_image_src_large":false,"author_info":{"display_name":"expacioweb","author_link":"https:\/\/tierrasdecordoba.com\/fr\/author\/expacioweb\/"},"comment_info":0,"_links":{"self":[{"href":"https:\/\/tierrasdecordoba.com\/fr\/wp-json\/wp\/v2\/pages\/7548","targetHints":{"allow":["GET"]}}],"collection":[{"href":"https:\/\/tierrasdecordoba.com\/fr\/wp-json\/wp\/v2\/pages"}],"about":[{"href":"https:\/\/tierrasdecordoba.com\/fr\/wp-json\/wp\/v2\/types\/page"}],"author":[{"embeddable":true,"href":"https:\/\/tierrasdecordoba.com\/fr\/wp-json\/wp\/v2\/users\/1"}],"replies":[{"embeddable":true,"href":"https:\/\/tierrasdecordoba.com\/fr\/wp-json\/wp\/v2\/comments?post=7548"}],"version-history":[{"count":1,"href":"https:\/\/tierrasdecordoba.com\/fr\/wp-json\/wp\/v2\/pages\/7548\/revisions"}],"predecessor-version":[{"id":7550,"href":"https:\/\/tierrasdecordoba.com\/fr\/wp-json\/wp\/v2\/pages\/7548\/revisions\/7550"}],"wp:attachment":[{"href":"https:\/\/tierrasdecordoba.com\/fr\/wp-json\/wp\/v2\/media?parent=7548"}],"curies":[{"name":"wp","href":"https:\/\/api.w.org\/{rel}","templated":true}]}}